{"id":228,"date":"2020-08-21T15:55:19","date_gmt":"2020-08-21T13:55:19","guid":{"rendered":"https:\/\/administrativement.com\/?page_id=228"},"modified":"2020-12-20T11:07:30","modified_gmt":"2020-12-20T10:07:30","slug":"mentions-legales","status":"publish","type":"page","link":"https:\/\/administrativement.com\/?page_id=228","title":{"rendered":"Mentions l\u00e9gales"},"content":{"rendered":"\n<p>Sylvie CHAUFFOUR \u2013 G\u00e9rante<\/p>\n\n\n\n<p>217 All\u00e9e des Placettes \u2013 69640 Ville S\/Jarnioux  &#8211; 06 40 65 35 53 \u2013 sylvie@administrativement.com \u2013<\/p>\n\n\n\n<p>SIRET 880 654 942 00015 \u2013 APE 8211Z<\/p>\n\n\n\n<p>N\u00b0 TVA intracommunautaire FR 88880654942<\/p>\n\n\n\n<p>RC N\u00b0 78435861 &#8211; AVIVA Assurances &#8211; VILLEFRANCHE S\/S &#8211; 04 74 04 01 64<\/p>\n\n\n\n<p>Site h\u00e9berg\u00e9 par WordPress<\/p>\n\n\n\n<p><\/p>\n\n\n\n<p class=\"has-small-font-size\"><strong>Conditions g\u00e9n\u00e9rales d&rsquo;utilisation<\/strong><\/p>\n\n\n\n<p class=\"has-small-font-size\">L&rsquo;utilisation de ce service est r\u00e9serv\u00e9e \u00e0 un usage strictement personnel. Toute reproduction ou repr\u00e9sentation, en tout ou partie, \u00e0 d&rsquo;autres fins sur un quelconque support est interdite. Le non-respect de cette interdiction constitue une contrefa\u00e7on pouvant engager la responsabilit\u00e9 civile et p\u00e9nale du contrefacteur. Les informations contenues dans ce service sont non contractuelles et sujettes \u00e0 modification sans pr\u00e9avis. Les caract\u00e9ristiques et la disponibilit\u00e9 des produits et services mentionn\u00e9s dans ce service web sont valables pour la France m\u00e9tropolitaine.<\/p>\n\n\n\n<h2 class=\"wp-block-heading\"><\/h2>\n\n\n\n<p><\/p>\n","protected":false},"excerpt":{"rendered":"<p>Sylvie CHAUFFOUR \u2013 G\u00e9rante 217 All\u00e9e des Placettes \u2013 69640 Ville S\/Jarnioux &#8211; 06 40 65 35 53 \u2013 sylvie@administrativement.com \u2013 SIRET 880 654 942 00015 \u2013 APE 8211Z N\u00b0 TVA intracommunautaire FR 88880654942 RC N\u00b0 78435861 &#8211; AVIVA Assurances &#8211; VILLEFRANCHE S\/S &#8211; 04 74 04 01 64 Site h\u00e9berg\u00e9 par WordPress Conditions g\u00e9n\u00e9rales &hellip; <\/p>\n<p class=\"link-more\"><a href=\"https:\/\/administrativement.com\/?page_id=228\" class=\"more-link\">Continuer la lecture<span class=\"screen-reader-text\"> de &laquo;&nbsp;Mentions l\u00e9gales&nbsp;&raquo;<\/span><\/a><\/p>\n","protected":false},"author":1,"featured_media":0,"parent":0,"menu_order":0,"comment_status":"closed","ping_status":"closed","template":"","meta":{"footnotes":""},"class_list":["post-228","page","type-page","status-publish","hentry"],"yoast_head":"<!-- This site is optimized with the Yoast SEO plugin v24.3 - https:\/\/yoast.com\/wordpress\/plugins\/seo\/ -->\n<title>Mentions l\u00e9gales - ADMINISTRATIVEMENT<\/title>\n<meta name=\"robots\" content=\"index, follow, max-snippet:-1, max-image-preview:large, max-video-preview:-1\" \/>\n<link rel=\"canonical\" href=\"https:\/\/administrativement.com\/?page_id=228\" \/>\n<meta property=\"og:locale\" content=\"fr_FR\" \/>\n<meta property=\"og:type\" content=\"article\" \/>\n<meta property=\"og:title\" content=\"Mentions l\u00e9gales - ADMINISTRATIVEMENT\" \/>\n<meta property=\"og:description\" content=\"Sylvie CHAUFFOUR \u2013 G\u00e9rante 217 All\u00e9e des Placettes \u2013 69640 Ville S\/Jarnioux &#8211; 06 40 65 35 53 \u2013 sylvie@administrativement.com \u2013 SIRET 880 654 942 00015 \u2013 APE 8211Z N\u00b0 TVA intracommunautaire FR 88880654942 RC N\u00b0 78435861 &#8211; AVIVA Assurances &#8211; VILLEFRANCHE S\/S &#8211; 04 74 04 01 64 Site h\u00e9berg\u00e9 par WordPress Conditions g\u00e9n\u00e9rales &hellip; Continuer la lecture de &laquo;&nbsp;Mentions l\u00e9gales&nbsp;&raquo;\" \/>\n<meta property=\"og:url\" content=\"https:\/\/administrativement.com\/?page_id=228\" \/>\n<meta property=\"og:site_name\" content=\"ADMINISTRATIVEMENT\" \/>\n<meta property=\"article:modified_time\" content=\"2020-12-20T10:07:30+00:00\" \/>\n<meta name=\"twitter:card\" content=\"summary_large_image\" \/>\n<meta name=\"twitter:label1\" content=\"Dur\u00e9e de lecture estim\u00e9e\" \/>\n\t<meta name=\"twitter:data1\" content=\"1 minute\" \/>\n<script type=\"application\/ld+json\" class=\"yoast-schema-graph\">{\"@context\":\"https:\/\/schema.org\",\"@graph\":[{\"@type\":\"WebPage\",\"@id\":\"https:\/\/administrativement.com\/?page_id=228\",\"url\":\"https:\/\/administrativement.com\/?page_id=228\",\"name\":\"Mentions l\u00e9gales - ADMINISTRATIVEMENT\",\"isPartOf\":{\"@id\":\"https:\/\/administrativement.com\/#website\"},\"datePublished\":\"2020-08-21T13:55:19+00:00\",\"dateModified\":\"2020-12-20T10:07:30+00:00\",\"breadcrumb\":{\"@id\":\"https:\/\/administrativement.com\/?page_id=228#breadcrumb\"},\"inLanguage\":\"fr-FR\",\"potentialAction\":[{\"@type\":\"ReadAction\",\"target\":[\"https:\/\/administrativement.com\/?page_id=228\"]}]},{\"@type\":\"BreadcrumbList\",\"@id\":\"https:\/\/administrativement.com\/?page_id=228#breadcrumb\",\"itemListElement\":[{\"@type\":\"ListItem\",\"position\":1,\"name\":\"Accueil\",\"item\":\"https:\/\/administrativement.com\/\"},{\"@type\":\"ListItem\",\"position\":2,\"name\":\"Mentions l\u00e9gales\"}]},{\"@type\":\"WebSite\",\"@id\":\"https:\/\/administrativement.com\/#website\",\"url\":\"https:\/\/administrativement.com\/\",\"name\":\"ADMINISTRATIVEMENT\",\"description\":\"&quot;Votre temps est pr\u00e9cieux, gagnez-le sur l&#039;administratif&quot;\",\"potentialAction\":[{\"@type\":\"SearchAction\",\"target\":{\"@type\":\"EntryPoint\",\"urlTemplate\":\"https:\/\/administrativement.com\/?s={search_term_string}\"},\"query-input\":{\"@type\":\"PropertyValueSpecification\",\"valueRequired\":true,\"valueName\":\"search_term_string\"}}],\"inLanguage\":\"fr-FR\"}]}<\/script>\n<!-- \/ Yoast SEO plugin. -->","yoast_head_json":{"title":"Mentions l\u00e9gales - ADMINISTRATIVEMENT","robots":{"index":"index","follow":"follow","max-snippet":"max-snippet:-1","max-image-preview":"max-image-preview:large","max-video-preview":"max-video-preview:-1"},"canonical":"https:\/\/administrativement.com\/?page_id=228","og_locale":"fr_FR","og_type":"article","og_title":"Mentions l\u00e9gales - ADMINISTRATIVEMENT","og_description":"Sylvie CHAUFFOUR \u2013 G\u00e9rante 217 All\u00e9e des Placettes \u2013 69640 Ville S\/Jarnioux &#8211; 06 40 65 35 53 \u2013 sylvie@administrativement.com \u2013 SIRET 880 654 942 00015 \u2013 APE 8211Z N\u00b0 TVA intracommunautaire FR 88880654942 RC N\u00b0 78435861 &#8211; AVIVA Assurances &#8211; VILLEFRANCHE S\/S &#8211; 04 74 04 01 64 Site h\u00e9berg\u00e9 par WordPress Conditions g\u00e9n\u00e9rales &hellip; Continuer la lecture de &laquo;&nbsp;Mentions l\u00e9gales&nbsp;&raquo;","og_url":"https:\/\/administrativement.com\/?page_id=228","og_site_name":"ADMINISTRATIVEMENT","article_modified_time":"2020-12-20T10:07:30+00:00","twitter_card":"summary_large_image","twitter_misc":{"Dur\u00e9e de lecture estim\u00e9e":"1 minute"},"schema":{"@context":"https:\/\/schema.org","@graph":[{"@type":"WebPage","@id":"https:\/\/administrativement.com\/?page_id=228","url":"https:\/\/administrativement.com\/?page_id=228","name":"Mentions l\u00e9gales - ADMINISTRATIVEMENT","isPartOf":{"@id":"https:\/\/administrativement.com\/#website"},"datePublished":"2020-08-21T13:55:19+00:00","dateModified":"2020-12-20T10:07:30+00:00","breadcrumb":{"@id":"https:\/\/administrativement.com\/?page_id=228#breadcrumb"},"inLanguage":"fr-FR","potentialAction":[{"@type":"ReadAction","target":["https:\/\/administrativement.com\/?page_id=228"]}]},{"@type":"BreadcrumbList","@id":"https:\/\/administrativement.com\/?page_id=228#breadcrumb","itemListElement":[{"@type":"ListItem","position":1,"name":"Accueil","item":"https:\/\/administrativement.com\/"},{"@type":"ListItem","position":2,"name":"Mentions l\u00e9gales"}]},{"@type":"WebSite","@id":"https:\/\/administrativement.com\/#website","url":"https:\/\/administrativement.com\/","name":"ADMINISTRATIVEMENT","description":"&quot;Votre temps est pr\u00e9cieux, gagnez-le sur l&#039;administratif&quot;","potentialAction":[{"@type":"SearchAction","target":{"@type":"EntryPoint","urlTemplate":"https:\/\/administrativement.com\/?s={search_term_string}"},"query-input":{"@type":"PropertyValueSpecification","valueRequired":true,"valueName":"search_term_string"}}],"inLanguage":"fr-FR"}]}},"_links":{"self":[{"href":"https:\/\/administrativement.com\/index.php?rest_route=\/wp\/v2\/pages\/228","targetHints":{"allow":["GET"]}}],"collection":[{"href":"https:\/\/administrativement.com\/index.php?rest_route=\/wp\/v2\/pages"}],"about":[{"href":"https:\/\/administrativement.com\/index.php?rest_route=\/wp\/v2\/types\/page"}],"author":[{"embeddable":true,"href":"https:\/\/administrativement.com\/index.php?rest_route=\/wp\/v2\/users\/1"}],"replies":[{"embeddable":true,"href":"https:\/\/administrativement.com\/index.php?rest_route=%2Fwp%2Fv2%2Fcomments&post=228"}],"version-history":[{"count":5,"href":"https:\/\/administrativement.com\/index.php?rest_route=\/wp\/v2\/pages\/228\/revisions"}],"predecessor-version":[{"id":301,"href":"https:\/\/administrativement.com\/index.php?rest_route=\/wp\/v2\/pages\/228\/revisions\/301"}],"wp:attachment":[{"href":"https:\/\/administrativement.com\/index.php?rest_route=%2Fwp%2Fv2%2Fmedia&parent=228"}],"curies":[{"name":"wp","href":"https:\/\/api.w.org\/{rel}","templated":true}]}}